{"id":24830,"date":"2023-05-22T11:06:05","date_gmt":"2023-05-22T09:06:05","guid":{"rendered":"https:\/\/www.xalt.de\/?page_id=24830"},"modified":"2026-03-19T10:16:45","modified_gmt":"2026-03-19T09:16:45","slug":"impressum","status":"publish","type":"page","link":"https:\/\/www.xalt.de\/en\/impressum\/","title":{"rendered":"Imprint"},"content":{"rendered":"<div data-elementor-type=\"wp-page\" data-elementor-id=\"24830\" class=\"elementor elementor-24830\" data-elementor-post-type=\"page\">\n\t\t\t\t<div class=\"elementor-element elementor-element-f780023 e-flex e-con-boxed e-con e-parent\" data-id=\"f780023\" data-element_type=\"container\" data-e-type=\"container\">\n\t\t\t\t\t<div class=\"e-con-inner\">\n\t\t\t\t<div class=\"elementor-element elementor-element-60a04e0 elementor-widget elementor-widget-heading\" data-id=\"60a04e0\" data-element_type=\"widget\" data-e-type=\"widget\" data-widget_type=\"heading.default\">\n\t\t\t\t<div class=\"elementor-widget-container\">\n\t\t\t\t\t<h1 class=\"elementor-heading-title elementor-size-default\">Imprint<\/h1>\t\t\t\t<\/div>\n\t\t\t\t<\/div>\n\t\t\t\t<div class=\"elementor-element elementor-element-3b26f58 elementor-widget elementor-widget-text-editor\" data-id=\"3b26f58\" data-element_type=\"widget\" data-e-type=\"widget\" data-widget_type=\"text-editor.default\">\n\t\t\t\t<div class=\"elementor-widget-container\">\n\t\t\t\t\t\t\t\t\t<p><b>XALT Business Consulting GmbH<br><\/b>Tomannweg 3<br>81673 Munich<\/p>\n<p>Phone: +49 89 416124240<br>Fax: +49 89 416124249<br>Email: sales+impressum@xalt.de<\/p>\n<p><b>Represented by:<br><\/b>Managing Director Philipp G\u00f6llner<\/p>\n<p><b>Sales Tax ID:<br><\/b>Sales tax identification number according to \u00a727a Sales Tax Act:<br>DE306119808<\/p>\n<p><b>Regulatory Authority:<br><\/b>HRB 225601, Munich Local Court<\/p>\n<p><b>Responsible for the content (according to \u00a7 55 para. 2 RStV):<br><\/b>XALT Business Consulting GmbH, Tomannweg 3, 81673 Munich, Germany<\/p>\n<p><b>Brand information:<br><\/b>Registered trademark XALT, registration number 302023235663 (DPMA), registered for classes 35 and 42 (business and IT consulting)<\/p>\t\t\t\t\t\t\t\t<\/div>\n\t\t\t\t<\/div>\n\t\t\t\t<div class=\"elementor-element elementor-element-5f70d7b elementor-widget elementor-widget-heading\" data-id=\"5f70d7b\" data-element_type=\"widget\" data-e-type=\"widget\" data-widget_type=\"heading.default\">\n\t\t\t\t<div class=\"elementor-widget-container\">\n\t\t\t\t\t<h1 class=\"elementor-heading-title elementor-size-default\"><section class=\"elementor-section elementor-top-section elementor-element elementor-element-6570e19 elementor-section-stretched elementor-section-boxed elementor-section-height-default elementor-section-height-default nitro-stretch\" data-id=\"6570e19\" data-element_type=\"section\" data-settings=\"{&quot;stretch_section&quot;:&quot;section-stretched&quot;}\"><div class=\"elementor-container elementor-column-gap-default\"><div class=\"aux-parallax-section elementor-column elementor-col-100 elementor-top-column elementor-element elementor-element-66250fa\" data-id=\"66250fa\" data-element_type=\"column\"><div class=\"elementor-widget-wrap elementor-element-populated\"><div class=\"elementor-element elementor-element-3976d27 elementor-widget elementor-widget-heading\" data-id=\"3976d27\" data-element_type=\"widget\" data-widget_type=\"heading.default\"><div class=\"elementor-widget-container\"><h2 class=\"elementor-heading-title elementor-size-default\">Disclaimer - legal information<\/h2><\/div><\/div><\/div><\/div><\/div><\/section><\/h1>\t\t\t\t<\/div>\n\t\t\t\t<\/div>\n\t\t\t\t<div class=\"elementor-element elementor-element-ebff354 elementor-widget elementor-widget-text-editor\" data-id=\"ebff354\" data-element_type=\"widget\" data-e-type=\"widget\" data-widget_type=\"text-editor.default\">\n\t\t\t\t<div class=\"elementor-widget-container\">\n\t\t\t\t\t\t\t\t\t<section class=\"elementor-section elementor-top-section elementor-element elementor-element-db7ff70 elementor-section-stretched elementor-section-boxed elementor-section-height-default elementor-section-height-default nitro-stretch\" data-id=\"db7ff70\" data-element_type=\"section\" data-settings=\"{&quot;stretch_section&quot;:&quot;section-stretched&quot;}\"><div class=\"elementor-container elementor-column-gap-default\"><div class=\"aux-parallax-section elementor-column elementor-col-100 elementor-top-column elementor-element elementor-element-373202b\" data-id=\"373202b\" data-element_type=\"column\"><div class=\"elementor-widget-wrap elementor-element-populated\"><div class=\"elementor-element elementor-element-cf329e4 elementor-widget elementor-widget-heading\" data-id=\"cf329e4\" data-element_type=\"widget\" data-widget_type=\"heading.default\"><div class=\"elementor-widget-container\"><p><b>\u00a7 1 Warning about the content<\/b><\/p><p>The free and freely accessible contents of this website have been created with the greatest possible care. However, the provider of this website does not guarantee the accuracy and timeliness of the provided free and freely accessible journalistic guides and news. Contributions identified by name reflect the opinion of the respective author and not always the opinion of the provider. The mere retrieval of the free and freely accessible content does not create any contractual relationship between the user and the provider; a legal binding on the part of the provider is not intended in this respect.<\/p><p><b>\u00a7 2 External links<\/b><\/p><p>This website contains links to third-party websites (\"external links\"). These websites are subject to the liability of the respective operators. When the external links were first created, the provider checked the third-party content for any legal violations. No legal violations were apparent at that time. The provider has no influence whatsoever on the current and future design and content of the linked pages. The inclusion of external links does not mean that the provider adopts the content behind the reference or link as its own. It is not reasonable for the provider to constantly monitor external links without concrete evidence of legal violations. However, such external links will be deleted immediately if we become aware of any legal infringements.<\/p><p><b>\u00a7 3 Copyrights and ancillary copyrights<\/b><\/p><p>The contents published on this website are subject to German copyright and ancillary copyright law. Any use not permitted by German copyright and ancillary copyright law requires the prior written consent of the provider or the respective copyright holder. This applies in particular to the duplication, editing, translation, storage, processing or reproduction of content in databases or other electronic media and systems. Contents and rights of third parties are marked as such. The unauthorized reproduction or distribution of individual content or complete pages is not permitted and will be prosecuted. Only the production of copies and downloads for personal, private and non-commercial use is permitted.<\/p><p>The presentation of this website in external frames is only permitted with written permission.<\/p><p><b>Privacy information<\/b><\/p><p><strong><a href=\"https:\/\/www.xalt.de\/en\/datenschutz\/\">Data protection<\/a><\/strong><\/p><\/div><\/div><\/div><\/div><\/div><\/section>\t\t\t\t\t\t\t\t<\/div>\n\t\t\t\t<\/div>\n\t\t\t\t\t<\/div>\n\t\t\t\t<\/div>\n\t\t\t\t<\/div>","protected":false},"excerpt":{"rendered":"<p>Impressum XALT Business Consulting GmbHTomannweg 381673 M\u00fcnchen Phone: +49 89 416124240Fax: +49 89 416124249Email: sales+impressum@xalt.de Vertreten durch:Gesch\u00e4ftsf\u00fchrer Philipp G\u00f6llner Umsatzsteuer ID:Umsatzsteuer-Identifikationsnummer gem\u00e4\u00df \u00a727a Umsatzsteuergesetz:DE306119808 Aufsichtsbeh\u00f6rde:HRB 225601, Amtsgericht M\u00fcnchen Verantwortlich f\u00fcr den Inhalt (gem\u00e4\u00df \u00a7 55 Abs. 2 RStV):XALT Business Consulting GmbH, Tomannweg 3, 81673 Munich, Germany Markeninformation:Eingetragene Marke XALT, Registrierungsnummer 302023235663 (DPMA), eingetragen f\u00fcr die [&hellip;]<\/p>\n","protected":false},"author":17,"featured_media":0,"parent":0,"menu_order":0,"comment_status":"closed","ping_status":"closed","template":"","meta":{"_acf_changed":false,"content-type":"","inline_featured_image":false,"footnotes":""},"categories":[],"tags":[],"class_list":["post-24830","page","type-page","status-publish","hentry"],"acf":[],"_links":{"self":[{"href":"https:\/\/www.xalt.de\/en\/wp-json\/wp\/v2\/pages\/24830","targetHints":{"allow":["GET"]}}],"collection":[{"href":"https:\/\/www.xalt.de\/en\/wp-json\/wp\/v2\/pages"}],"about":[{"href":"https:\/\/www.xalt.de\/en\/wp-json\/wp\/v2\/types\/page"}],"author":[{"embeddable":true,"href":"https:\/\/www.xalt.de\/en\/wp-json\/wp\/v2\/users\/17"}],"replies":[{"embeddable":true,"href":"https:\/\/www.xalt.de\/en\/wp-json\/wp\/v2\/comments?post=24830"}],"version-history":[{"count":20,"href":"https:\/\/www.xalt.de\/en\/wp-json\/wp\/v2\/pages\/24830\/revisions"}],"predecessor-version":[{"id":34418,"href":"https:\/\/www.xalt.de\/en\/wp-json\/wp\/v2\/pages\/24830\/revisions\/34418"}],"wp:attachment":[{"href":"https:\/\/www.xalt.de\/en\/wp-json\/wp\/v2\/media?parent=24830"}],"wp:term":[{"taxonomy":"category","embeddable":true,"href":"https:\/\/www.xalt.de\/en\/wp-json\/wp\/v2\/categories?post=24830"},{"taxonomy":"post_tag","embeddable":true,"href":"https:\/\/www.xalt.de\/en\/wp-json\/wp\/v2\/tags?post=24830"}],"curies":[{"name":"wp","href":"https:\/\/api.w.org\/{rel}","templated":true}]}}